{"id":47922,"date":"2020-11-06T15:01:08","date_gmt":"2020-11-06T15:01:08","guid":{"rendered":"https:\/\/lostflavour.pt\/en\/?page_id=47922"},"modified":"2021-01-05T15:04:43","modified_gmt":"2021-01-05T15:04:43","slug":"pedir-cotacao","status":"publish","type":"page","link":"https:\/\/lostflavour.pt\/en\/pedir-cotacao\/","title":{"rendered":"Pedir cota\u00e7\u00e3o"},"content":{"rendered":"<p>[et_pb_section fb_built=&#8221;1&#8243; _builder_version=&#8221;4.6.6&#8243; background_image=&#8221;https:\/\/lostflavour.pt\/en\/wp-content\/uploads\/2020\/11\/LF_Banner_01.jpg&#8221; height=&#8221;40vh&#8221; height_tablet=&#8221;250px&#8221; height_phone=&#8221;130px&#8221; height_last_edited=&#8221;on|desktop&#8221; custom_margin=&#8221;0px||0px||true|false&#8221; custom_padding=&#8221;0px||0px||true|false&#8221; locked=&#8221;off&#8221;][\/et_pb_section][et_pb_section fb_built=&#8221;1&#8243; custom_padding_last_edited=&#8221;on|phone&#8221; disabled_on=&#8221;off|off|off&#8221; module_id=&#8221;empresa&#8221; _builder_version=&#8221;4.6.6&#8243; background_enable_color=&#8221;off&#8221; background_image=&#8221;https:\/\/lostflavour.pt\/en\/wp-content\/uploads\/2020\/11\/LF_Design_01.png&#8221; parallax=&#8221;on&#8221; parallax_method=&#8221;off&#8221; custom_margin=&#8221;0px||0px||true|false&#8221; custom_padding=&#8221;90px||140px||false|false&#8221; custom_padding_tablet=&#8221;70px||110px||false|false&#8221; custom_padding_phone=&#8221;60px||||false|false&#8221; locked=&#8221;off&#8221;][et_pb_row _builder_version=&#8221;4.6.6&#8243; max_width=&#8221;800px&#8221; module_alignment=&#8221;center&#8221; custom_margin=&#8221;0px||0px||true|false&#8221; custom_padding=&#8221;0px||0px||true|false&#8221;][et_pb_column type=&#8221;4_4&#8243; _builder_version=&#8221;4.4.9&#8243;][et_pb_text _builder_version=&#8221;4.7.3&#8243; header_font=&#8221;|||on|||||&#8221; text_orientation=&#8221;center&#8221; max_width=&#8221;810px&#8221; module_alignment=&#8221;center&#8221; custom_margin=&#8221;0px||0px||true|false&#8221; custom_padding=&#8221;0px||0px||true|false&#8221; text_text_align=&#8221;center&#8221; locked=&#8221;off&#8221;]<\/p>\n<p style=\"padding-bottom: 5px;\">REQUEST FOR QUOTE<\/p>\n<h1 style=\"padding-bottom: 0px;\">Request a quote for our products<\/h1>\n<p>[\/et_pb_text][et_pb_divider divider_position=&#8221;center&#8221; _builder_version=&#8221;4.4.9&#8243; max_width=&#8221;60px&#8221; module_alignment=&#8221;center&#8221; height=&#8221;40px&#8221; custom_margin=&#8221;0px||0px||true|false&#8221; custom_padding=&#8221;0px||0px||true|false&#8221; locked=&#8221;off&#8221;][\/et_pb_divider][et_pb_contact_form captcha=&#8221;off&#8221; email=&#8221;geral@lostflavour.pt&#8221; custom_message=&#8221;FORMUL\u00c1RIO DE COTA\u00c7\u00c3O LOSTFLAVOUR EN||et_pb_line_break_holder||||et_pb_line_break_holder||Nome: %%Nome%%||et_pb_line_break_holder||Email: %%Email%%||et_pb_line_break_holder||Telefone: %%Telefone%%||et_pb_line_break_holder||Mensagem: %%Mensagem%%||et_pb_line_break_holder||||et_pb_line_break_holder||||et_pb_line_break_holder||%%Politica_de_Privacidade%%&#8221; success_message=&#8221;Your request was sent successfully, we will respond soon!&#8221; submit_button_text=&#8221;Request a quote&#8221; module_id=&#8221;et_pb_contact_form_0&#8243; module_class=&#8221;notitle&#8221; _builder_version=&#8221;4.7.7&#8243; form_field_background_color=&#8221;#ffffff&#8221; form_field_text_color=&#8221;#777777&#8243; form_field_font=&#8221;||||||||&#8221; form_field_font_size=&#8221;15px&#8221; background_enable_color=&#8221;off&#8221; custom_margin=&#8221;0px||0px||true|false&#8221; custom_padding=&#8221;20px||0px||false|false&#8221; hover_enabled=&#8221;0&#8243; border_width_all=&#8221;1px&#8221; border_color_all=&#8221;rgba(0,0,0,0.15)&#8221; form_background_color=&#8221;rgba(0,0,0,0)&#8221; locked=&#8221;off&#8221; sticky_enabled=&#8221;0&#8243;][et_pb_contact_field field_id=&#8221;Nome&#8221; field_title=&#8221;Name&#8221; fullwidth_field=&#8221;on&#8221; _builder_version=&#8221;4.7.3&#8243; button_text_size__hover_enabled=&#8221;off&#8221; button_one_text_size__hover_enabled=&#8221;off&#8221; button_two_text_size__hover_enabled=&#8221;off&#8221; button_text_color__hover_enabled=&#8221;off&#8221; button_one_text_color__hover_enabled=&#8221;off&#8221; button_two_text_color__hover_enabled=&#8221;off&#8221; button_border_width__hover_enabled=&#8221;off&#8221; button_one_border_width__hover_enabled=&#8221;off&#8221; button_two_border_width__hover_enabled=&#8221;off&#8221; button_border_color__hover_enabled=&#8221;off&#8221; button_one_border_color__hover_enabled=&#8221;off&#8221; button_two_border_color__hover_enabled=&#8221;off&#8221; button_border_radius__hover_enabled=&#8221;off&#8221; button_one_border_radius__hover_enabled=&#8221;off&#8221; button_two_border_radius__hover_enabled=&#8221;off&#8221; button_letter_spacing__hover_enabled=&#8221;off&#8221; button_one_letter_spacing__hover_enabled=&#8221;off&#8221; button_two_letter_spacing__hover_enabled=&#8221;off&#8221; button_bg_color__hover_enabled=&#8221;off&#8221; button_one_bg_color__hover_enabled=&#8221;off&#8221; button_two_bg_color__hover_enabled=&#8221;off&#8221;][\/et_pb_contact_field][et_pb_contact_field field_id=&#8221;Email&#8221; field_title=&#8221;Email&#8221; field_type=&#8221;email&#8221; _builder_version=&#8221;3.27.3&#8243; button_text_size__hover_enabled=&#8221;off&#8221; button_one_text_size__hover_enabled=&#8221;off&#8221; button_two_text_size__hover_enabled=&#8221;off&#8221; button_text_color__hover_enabled=&#8221;off&#8221; button_one_text_color__hover_enabled=&#8221;off&#8221; button_two_text_color__hover_enabled=&#8221;off&#8221; button_border_width__hover_enabled=&#8221;off&#8221; button_one_border_width__hover_enabled=&#8221;off&#8221; button_two_border_width__hover_enabled=&#8221;off&#8221; button_border_color__hover_enabled=&#8221;off&#8221; button_one_border_color__hover_enabled=&#8221;off&#8221; button_two_border_color__hover_enabled=&#8221;off&#8221; button_border_radius__hover_enabled=&#8221;off&#8221; button_one_border_radius__hover_enabled=&#8221;off&#8221; button_two_border_radius__hover_enabled=&#8221;off&#8221; button_letter_spacing__hover_enabled=&#8221;off&#8221; button_one_letter_spacing__hover_enabled=&#8221;off&#8221; button_two_letter_spacing__hover_enabled=&#8221;off&#8221; button_bg_color__hover_enabled=&#8221;off&#8221; button_one_bg_color__hover_enabled=&#8221;off&#8221; button_two_bg_color__hover_enabled=&#8221;off&#8221;][\/et_pb_contact_field][et_pb_contact_field field_id=&#8221;Telefone&#8221; field_title=&#8221;Phone&#8221; _builder_version=&#8221;4.7.3&#8243; button_text_size__hover_enabled=&#8221;off&#8221; button_one_text_size__hover_enabled=&#8221;off&#8221; button_two_text_size__hover_enabled=&#8221;off&#8221; button_text_color__hover_enabled=&#8221;off&#8221; button_one_text_color__hover_enabled=&#8221;off&#8221; button_two_text_color__hover_enabled=&#8221;off&#8221; button_border_width__hover_enabled=&#8221;off&#8221; button_one_border_width__hover_enabled=&#8221;off&#8221; button_two_border_width__hover_enabled=&#8221;off&#8221; button_border_color__hover_enabled=&#8221;off&#8221; button_one_border_color__hover_enabled=&#8221;off&#8221; button_two_border_color__hover_enabled=&#8221;off&#8221; button_border_radius__hover_enabled=&#8221;off&#8221; button_one_border_radius__hover_enabled=&#8221;off&#8221; button_two_border_radius__hover_enabled=&#8221;off&#8221; button_letter_spacing__hover_enabled=&#8221;off&#8221; button_one_letter_spacing__hover_enabled=&#8221;off&#8221; button_two_letter_spacing__hover_enabled=&#8221;off&#8221; button_bg_color__hover_enabled=&#8221;off&#8221; button_one_bg_color__hover_enabled=&#8221;off&#8221; button_two_bg_color__hover_enabled=&#8221;off&#8221;][\/et_pb_contact_field][et_pb_contact_field field_id=&#8221;Mensagem&#8221; field_title=&#8221;Message&#8221; field_type=&#8221;text&#8221; fullwidth_field=&#8221;on&#8221; _builder_version=&#8221;4.7.3&#8243; custom_margin=&#8221;0px||10px||false|false&#8221; button_text_size__hover_enabled=&#8221;off&#8221; button_one_text_size__hover_enabled=&#8221;off&#8221; button_two_text_size__hover_enabled=&#8221;off&#8221; button_text_color__hover_enabled=&#8221;off&#8221; button_one_text_color__hover_enabled=&#8221;off&#8221; button_two_text_color__hover_enabled=&#8221;off&#8221; button_border_width__hover_enabled=&#8221;off&#8221; button_one_border_width__hover_enabled=&#8221;off&#8221; button_two_border_width__hover_enabled=&#8221;off&#8221; button_border_color__hover_enabled=&#8221;off&#8221; button_one_border_color__hover_enabled=&#8221;off&#8221; button_two_border_color__hover_enabled=&#8221;off&#8221; button_border_radius__hover_enabled=&#8221;off&#8221; button_one_border_radius__hover_enabled=&#8221;off&#8221; button_two_border_radius__hover_enabled=&#8221;off&#8221; button_letter_spacing__hover_enabled=&#8221;off&#8221; button_one_letter_spacing__hover_enabled=&#8221;off&#8221; button_two_letter_spacing__hover_enabled=&#8221;off&#8221; button_bg_color__hover_enabled=&#8221;off&#8221; button_one_bg_color__hover_enabled=&#8221;off&#8221; button_two_bg_color__hover_enabled=&#8221;off&#8221;][\/et_pb_contact_field][et_pb_contact_field field_id=&#8221;Politica_de_Privacidade&#8221; field_title=&#8221;Privacy policy&#8221; field_type=&#8221;checkbox&#8221; checkbox_options=&#8221;%91{%22value%22:%22I declare that I have read, accepted and agree with the Privacy Policy.%22,%22checked%22:0,%22dragID%22:-1,%22link_text%22:%22Know more%22,%22link_url%22:%22https:\/\/lostflavour.pt\/en\/protecao-de-dados\/#PP%22}%93&#8243; fullwidth_field=&#8221;on&#8221; _builder_version=&#8221;4.7.3&#8243; custom_margin=&#8221;0px||30px||false|false&#8221; button_text_size__hover_enabled=&#8221;off&#8221; button_one_text_size__hover_enabled=&#8221;off&#8221; button_two_text_size__hover_enabled=&#8221;off&#8221; button_text_color__hover_enabled=&#8221;off&#8221; button_one_text_color__hover_enabled=&#8221;off&#8221; button_two_text_color__hover_enabled=&#8221;off&#8221; button_border_width__hover_enabled=&#8221;off&#8221; button_one_border_width__hover_enabled=&#8221;off&#8221; button_two_border_width__hover_enabled=&#8221;off&#8221; button_border_color__hover_enabled=&#8221;off&#8221; button_one_border_color__hover_enabled=&#8221;off&#8221; button_two_border_color__hover_enabled=&#8221;off&#8221; button_border_radius__hover_enabled=&#8221;off&#8221; button_one_border_radius__hover_enabled=&#8221;off&#8221; button_two_border_radius__hover_enabled=&#8221;off&#8221; button_letter_spacing__hover_enabled=&#8221;off&#8221; button_one_letter_spacing__hover_enabled=&#8221;off&#8221; button_two_letter_spacing__hover_enabled=&#8221;off&#8221; button_bg_color__hover_enabled=&#8221;off&#8221; button_one_bg_color__hover_enabled=&#8221;off&#8221; button_two_bg_color__hover_enabled=&#8221;off&#8221;][\/et_pb_contact_field][\/et_pb_contact_form][\/et_pb_column][\/et_pb_row][\/et_pb_section][et_pb_section fb_built=&#8221;1&#8243; disabled_on=&#8221;off|off|off&#8221; _builder_version=&#8221;4.6.6&#8243; background_color=&#8221;#3f5260&#8243; custom_margin=&#8221;0px||0px||true|false&#8221; custom_padding=&#8221;0px|0px|0px|0px|true|true&#8221; custom_padding_tablet=&#8221;0px||0px|&#8221; saved_tabs=&#8221;all&#8221; locked=&#8221;off&#8221;][et_pb_row column_structure=&#8221;1_2,1_2&#8243; use_custom_gutter=&#8221;on&#8221; gutter_width=&#8221;2&#8243; column_padding_mobile=&#8221;on&#8221; custom_padding_last_edited=&#8221;on|tablet&#8221; module_class=&#8221; et_pb_row_fullwidth&#8221; _builder_version=&#8221;4.6.6&#8243; background_size=&#8221;initial&#8221; background_position=&#8221;top_left&#8221; background_repeat=&#8221;repeat&#8221; width=&#8221;95%&#8221; width_tablet=&#8221;80%&#8221; width_phone=&#8221;&#8221; width_last_edited=&#8221;on|desktop&#8221; max_width=&#8221;95%&#8221; custom_margin=&#8221;0px||0px||true|false&#8221; custom_padding=&#8221;40px|0px|40px|0px|true|true&#8221; custom_padding_tablet=&#8221;80px|25px||25px|false|true&#8221; custom_padding_phone=&#8221;||||true|true&#8221; make_fullwidth=&#8221;on&#8221; global_module=&#8221;47329&#8243; saved_tabs=&#8221;all&#8221;][et_pb_column type=&#8221;1_2&#8243; _builder_version=&#8221;3.25&#8243; custom_padding=&#8221;|||&#8221; custom_padding__hover=&#8221;|||&#8221;][et_pb_text disabled_on=&#8221;off|off|on&#8221; _builder_version=&#8221;4.7.3&#8243; _module_preset=&#8221;default&#8221; text_font_size=&#8221;13px&#8221; text_letter_spacing=&#8221;-0.5px&#8221; background_color=&#8221;#F5F6F7&#8243; positioning=&#8221;absolute&#8221; position_origin_a=&#8221;top_center&#8221; text_orientation=&#8221;center&#8221; width=&#8221;300px&#8221; custom_margin=&#8221;-127px||0px||false|false&#8221; custom_padding=&#8221;15px||15px||true|false&#8221;]<\/p>\n<p><a href=\"https:\/\/lostflavour.pt\/en\/mundo-lostflavour\/\">LOSTFLAVOUR<\/a><span style=\"padding: 0px 10px; font-weight: 300;\">\u2022<\/span><a href=\"https:\/\/lostflavour.pt\/en\/colecao-lostflavour\/\">COLLECTION<\/a><span style=\"padding: 0px 10px; font-weight: 300;\"\">\u2022<\/span><a href=\"https:\/\/lostflavour.pt\/en\/noticias\/\">NEWS<\/a><br \/><a href=\"https:\/\/lostflavour.pt\/en\/contactos\/\">CONTACTS<\/a><span style=\"padding: 0px 10px; font-weight: 300;\"\">\u2022<\/span><a href=\"https:\/\/lostflavour.pt\/en\/pedir-cotacao\/\">REQUEST QUOTE<\/a><\/p>\n<p>[\/et_pb_text][et_pb_image src=&#8221;https:\/\/lostflavour.pt\/en\/wp-content\/uploads\/2020\/11\/BarraFeder_White_02.png&#8221; title_text=&#8221;BarraFeder_White_02&#8243; url=&#8221;https:\/\/lostflavour.pt\/en\/wp-content\/uploads\/2020\/11\/Ficha-do-Projeto-PT2020-Site-Lostflavour.pdf&#8221; url_new_window=&#8221;on&#8221; align_tablet=&#8221;center&#8221; align_phone=&#8221;&#8221; align_last_edited=&#8221;on|desktop&#8221; _builder_version=&#8221;4.6.6&#8243; _module_preset=&#8221;default&#8221; max_width=&#8221;450px&#8221; custom_margin=&#8221;0px||0px||true|false&#8221; custom_padding=&#8221;0px||20px||false|false&#8221;][\/et_pb_image][et_pb_text admin_label=&#8221;Rodape nome do site&#8221; module_class=&#8221;LinkFooterPreto&#8221; _builder_version=&#8221;4.7.3&#8243; text_font=&#8221;||||||||&#8221; text_font_size=&#8221;12px&#8221; text_line_height=&#8221;1.4em&#8221; background_size=&#8221;initial&#8221; background_position=&#8221;top_left&#8221; background_repeat=&#8221;repeat&#8221; background_layout=&#8221;dark&#8221; custom_margin=&#8221;0px||0px||true&#8221; custom_padding=&#8221;0px||0px||true&#8221; text_orientation_tablet=&#8221;center&#8221; text_orientation_phone=&#8221;&#8221; text_orientation_last_edited=&#8221;on|desktop&#8221; text_text_align=&#8221;left&#8221; text_text_align_tablet=&#8221;center&#8221; text_text_align_last_edited=&#8221;on|desktop&#8221;]<\/p>\n<p style=\"padding-bottom: 8px;\">\u00a9 LOSTFLAVOUR | webdesign by: <a href=\"https:\/\/criativo.net\/\" target=\"_blank\" rel=\"noopener noreferrer\">criativo.net<\/a><\/p>\n<p style=\"padding-bottom: 2px;\"><a target=\"_blank\" href=\"https:\/\/www.livroreclamacoes.pt\/inicio\" rel=\"noopener noreferrer\">Complaint book<\/a> \u00a0\u00a0 <a href=\"https:\/\/lostflavour.pt\/en\/protecao-de-dados\/#RLO\">Online dispute resolution<\/a> \u00a0\u00a0 <a href=\"https:\/\/lostflavour.pt\/en\/protecao-de-dados\/#PP\"> Privacy<\/a> \u00a0\u00a0 <a href=\"https:\/\/lostflavour.pt\/en\/protecao-de-dados\/#PC\">Cookies<\/a><\/p>\n<p>[\/et_pb_text][\/et_pb_column][et_pb_column type=&#8221;1_2&#8243; _builder_version=&#8221;3.25&#8243; custom_padding=&#8221;|||&#8221; custom_padding__hover=&#8221;|||&#8221;][et_pb_menu menu_id=&#8221;27&#8243; menu_style=&#8221;centered&#8221; disabled_on=&#8221;on|on|off&#8221; module_class=&#8221;LF_menufooter&#8221; _builder_version=&#8221;4.6.6&#8243; _module_preset=&#8221;default&#8221; menu_font=&#8221;|600||on|||||&#8221; menu_text_color=&#8221;#3f5260&#8243; menu_font_size=&#8221;13px&#8221; background_color=&#8221;#F5F6F7&#8243; positioning=&#8221;absolute&#8221; position_origin_a=&#8221;top_center&#8221; width=&#8221;710px&#8221; custom_margin=&#8221;-76px||0px|-100px|false|false&#8221; custom_padding=&#8221;20px||20px||true|false&#8221;][\/et_pb_menu][et_pb_social_media_follow icon_color=&#8221;#ffffff&#8221; use_icon_font_size=&#8221;on&#8221; icon_font_size=&#8221;15px&#8221; _builder_version=&#8221;4.6.6&#8243; text_orientation=&#8221;right&#8221; custom_margin=&#8221;0px|80px|0px||true|false&#8221; custom_margin_tablet=&#8221;|0px|||true|false&#8221; custom_margin_phone=&#8221;&#8221; custom_margin_last_edited=&#8221;on|desktop&#8221; custom_padding=&#8221;45px||0px||false|false&#8221; custom_padding_tablet=&#8221;0px||||false|false&#8221; custom_padding_phone=&#8221;&#8221; custom_padding_last_edited=&#8221;on|desktop&#8221; text_orientation_tablet=&#8221;center&#8221; text_orientation_phone=&#8221;&#8221; text_orientation_last_edited=&#8221;on|desktop&#8221; border_radii=&#8221;on|50px|50px|50px|50px&#8221; border_width_all=&#8221;1px&#8221; border_color_all=&#8221;#ffffff&#8221; icon_color__hover_enabled=&#8221;on|desktop&#8221; icon_color__hover=&#8221;#3f5260&#8243;][et_pb_social_media_follow_network social_network=&#8221;facebook&#8221; _builder_version=&#8221;4.6.6&#8243; _module_preset=&#8221;default&#8221; background_color=&#8221;rgba(0,0,0,0)&#8221; background_enable_color=&#8221;on&#8221; background_last_edited=&#8221;off|desktop&#8221; background__hover_enabled=&#8221;on|desktop&#8221; background_color__hover=&#8221;#ffffff&#8221; background_enable_color__hover=&#8221;on&#8221; follow_button=&#8221;off&#8221; url_new_window=&#8221;on&#8221;]facebook[\/et_pb_social_media_follow_network][et_pb_social_media_follow_network social_network=&#8221;instagram&#8221; _builder_version=&#8221;4.6.6&#8243; _module_preset=&#8221;default&#8221; background_color=&#8221;rgba(0,0,0,0)&#8221; background_enable_color=&#8221;on&#8221; background_color__hover=&#8221;#ffffff&#8221; background__hover_enabled=&#8221;on|desktop&#8221; background_enable_color__hover=&#8221;on&#8221; follow_button=&#8221;off&#8221; url_new_window=&#8221;on&#8221;]instagram[\/et_pb_social_media_follow_network][\/et_pb_social_media_follow][\/et_pb_column][\/et_pb_row][\/et_pb_section]<\/p>\n","protected":false},"excerpt":{"rendered":"<p>[et_pb_section fb_built=&#8221;1&#8243; _builder_version=&#8221;4.6.6&#8243; background_image=&#8221;https:\/\/lostflavour.pt\/en\/wp-content\/uploads\/2020\/11\/LF_Banner_01.jpg&#8221; height=&#8221;40vh&#8221; height_tablet=&#8221;250px&#8221; height_phone=&#8221;130px&#8221; height_last_edited=&#8221;on|desktop&#8221; custom_margin=&#8221;0px||0px||true|false&#8221; custom_padding=&#8221;0px||0px||true|false&#8221; locked=&#8221;off&#8221;][\/et_pb_section][et_pb_section fb_built=&#8221;1&#8243; custom_padding_last_edited=&#8221;on|phone&#8221; disabled_on=&#8221;off|off|off&#8221; module_id=&#8221;empresa&#8221; _builder_version=&#8221;4.6.6&#8243; background_enable_color=&#8221;off&#8221; background_image=&#8221;https:\/\/lostflavour.pt\/en\/wp-content\/uploads\/2020\/11\/LF_Design_01.png&#8221; parallax=&#8221;on&#8221; parallax_method=&#8221;off&#8221; custom_margin=&#8221;0px||0px||true|false&#8221; custom_padding=&#8221;90px||140px||false|false&#8221; custom_padding_tablet=&#8221;70px||110px||false|false&#8221; custom_padding_phone=&#8221;60px||||false|false&#8221; locked=&#8221;off&#8221;][et_pb_row _builder_version=&#8221;4.6.6&#8243; max_width=&#8221;800px&#8221; module_alignment=&#8221;center&#8221; custom_margin=&#8221;0px||0px||true|false&#8221; custom_padding=&#8221;0px||0px||true|false&#8221;][et_pb_column type=&#8221;4_4&#8243; _builder_version=&#8221;4.4.9&#8243;][et_pb_text _builder_version=&#8221;4.7.3&#8243; header_font=&#8221;|||on|||||&#8221; text_orientation=&#8221;center&#8221; max_width=&#8221;810px&#8221; module_alignment=&#8221;center&#8221; custom_margin=&#8221;0px||0px||true|false&#8221; custom_padding=&#8221;0px||0px||true|false&#8221; text_text_align=&#8221;center&#8221; locked=&#8221;off&#8221;] REQUEST FOR QUOTE Request a quote for our products [\/et_pb_text][et_pb_divider divider_position=&#8221;center&#8221; _builder_version=&#8221;4.4.9&#8243; max_width=&#8221;60px&#8221; module_alignment=&#8221;center&#8221; [&hellip;]<\/p>\n","protected":false},"author":3,"featured_media":0,"parent":0,"menu_order":0,"comment_status":"closed","ping_status":"closed","template":"","meta":{"_et_pb_use_builder":"on","_et_pb_old_content":"","_et_gb_content_width":""},"_links":{"self":[{"href":"https:\/\/lostflavour.pt\/en\/wp-json\/wp\/v2\/pages\/47922"}],"collection":[{"href":"https:\/\/lostflavour.pt\/en\/wp-json\/wp\/v2\/pages"}],"about":[{"href":"https:\/\/lostflavour.pt\/en\/wp-json\/wp\/v2\/types\/page"}],"author":[{"embeddable":true,"href":"https:\/\/lostflavour.pt\/en\/wp-json\/wp\/v2\/users\/3"}],"replies":[{"embeddable":true,"href":"https:\/\/lostflavour.pt\/en\/wp-json\/wp\/v2\/comments?post=47922"}],"version-history":[{"count":8,"href":"https:\/\/lostflavour.pt\/en\/wp-json\/wp\/v2\/pages\/47922\/revisions"}],"predecessor-version":[{"id":48117,"href":"https:\/\/lostflavour.pt\/en\/wp-json\/wp\/v2\/pages\/47922\/revisions\/48117"}],"wp:attachment":[{"href":"https:\/\/lostflavour.pt\/en\/wp-json\/wp\/v2\/media?parent=47922"}],"curies":[{"name":"wp","href":"https:\/\/api.w.org\/{rel}","templated":true}]}}